{"id":167,"date":"2021-11-06T22:57:39","date_gmt":"2021-11-06T22:57:39","guid":{"rendered":"https:\/\/copoexport.pl\/?page_id=167"},"modified":"2022-01-27T14:39:09","modified_gmt":"2022-01-27T14:39:09","slug":"pakowanie","status":"publish","type":"page","link":"https:\/\/etusa.pl\/?page_id=167","title":{"rendered":"Pakowanie"},"content":{"rendered":"\n<p>\u015awiadczymy us\u0142ugi projektowania, produkcji i pakowania u klienta. <\/p>\n\n\n\n<p>Specjalizujemy si\u0119 w dostosowywaniu przesy\u0142ek wra\u017cliwych wed\u0142ug rodzaju produktu, zgodnie z mi\u0119dzynarodowymi standardami pakowania i wysy\u0142ki.<\/p>\n\n\n\n<ul class=\"wp-block-list\"><li>Planowanie i projektowanie opakowa\u0144.<\/li><li>Przygotowanie odpowiednich skrzy\u0144 do wszelkiego rodzaju maszyn przeznaczonych na eksport (np.: przemys\u0142 p\u00f3\u0142przewodnikowy, farmaceutyczny, drukarski, solarny, tekstylny, lotniczy, bezpiecze\u0144stwa).<\/li><li>Przygotowanie specjalnych opakowa\u0144 na delikatne i wra\u017cliwe przedmioty, wykonane z aluminium, pud\u0142a tr\u00f3j\u015bcienne, pud\u0142a o du\u017cej wytrzyma\u0142o\u015bci.<\/li><li>Us\u0142ugi pakowania w wyznaczonym miejscu.<\/li><li>Przygotowanie niestandardowych przesy\u0142ek do transportu morskiego.<br><\/li><\/ul>\n\n\n\n<p>Posiadamy do\u015bwiadczenie w pakowaniu:<\/p>\n\n\n\n<ul class=\"wp-block-list\"><li>Sprz\u0119tu telekomunikacyjnego,<\/li><li>Sztuki: obrazy, rze\u017aby, instalacje na wystawy i kolekcje prywatne<strong>,<\/strong><\/li><li>Maszyn produkcyjnych,<\/li><li>Maszyn drukarskich,<\/li><li>Materia\u0142\u00f3w, urz\u0105dze\u0144 i \u0142adunk\u00f3w wra\u017cliwych na transport lotniczy i morski.<\/li><\/ul>\n\n\n\n<p><\/p>\n","protected":false},"excerpt":{"rendered":"<p>\u015awiadczymy us\u0142ugi projektowania, produkcji i pakowania u klienta. Specjalizujemy si\u0119 w dostosowywaniu przesy\u0142ek wra\u017cliwych wed\u0142ug rodzaju produktu, zgodnie z mi\u0119dzynarodowymi standardami pakowania i wysy\u0142ki. Planowanie i projektowanie opakowa\u0144. Przygotowanie odpowiednich skrzy\u0144 do wszelkiego rodzaju maszyn przeznaczonych na eksport (np.: przemys\u0142 p\u00f3\u0142przewodnikowy, farmaceutyczny, drukarski, solarny, tekstylny, lotniczy, bezpiecze\u0144stwa). Przygotowanie specjalnych opakowa\u0144 na delikatne i wra\u017cliwe przedmioty, [&hellip;]<\/p>\n","protected":false},"author":1,"featured_media":0,"parent":0,"menu_order":0,"comment_status":"closed","ping_status":"closed","template":"","meta":{"footnotes":""},"class_list":["post-167","page","type-page","status-publish","hentry"],"_links":{"self":[{"href":"https:\/\/etusa.pl\/index.php?rest_route=\/wp\/v2\/pages\/167","targetHints":{"allow":["GET"]}}],"collection":[{"href":"https:\/\/etusa.pl\/index.php?rest_route=\/wp\/v2\/pages"}],"about":[{"href":"https:\/\/etusa.pl\/index.php?rest_route=\/wp\/v2\/types\/page"}],"author":[{"embeddable":true,"href":"https:\/\/etusa.pl\/index.php?rest_route=\/wp\/v2\/users\/1"}],"replies":[{"embeddable":true,"href":"https:\/\/etusa.pl\/index.php?rest_route=%2Fwp%2Fv2%2Fcomments&post=167"}],"version-history":[{"count":7,"href":"https:\/\/etusa.pl\/index.php?rest_route=\/wp\/v2\/pages\/167\/revisions"}],"predecessor-version":[{"id":214,"href":"https:\/\/etusa.pl\/index.php?rest_route=\/wp\/v2\/pages\/167\/revisions\/214"}],"wp:attachment":[{"href":"https:\/\/etusa.pl\/index.php?rest_route=%2Fwp%2Fv2%2Fmedia&parent=167"}],"curies":[{"name":"wp","href":"https:\/\/api.w.org\/{rel}","templated":true}]}}